{"id":2,"date":"2024-02-19T19:13:58","date_gmt":"2024-02-19T19:13:58","guid":{"rendered":"http:\/\/devwebisolutions.com\/site\/?page_id=2"},"modified":"2024-03-27T03:16:49","modified_gmt":"2024-03-27T03:16:49","slug":"home","status":"publish","type":"page","link":"https:\/\/devwebisolutions.com\/site\/","title":{"rendered":"Home"},"content":{"rendered":"<!-- Header-->\n\n<header class=\"bg-dark py-5\">\n  <div class=\"container px-5\">\n    <div class=\"row gx-5 align-items-center justify-content-center\">\n      <div class=\"col-lg-8 col-xl-7 col-xxl-6\">\n        <div class=\"my-5 text-center text-xl-start\">\n          <h1 class=\"display-5 fw-bolder text-white mb-2\">Conquiste efici\u00eancia e lucratividade<\/h1>\n          <p class=\"lead fw-normal text-white-50 mb-4\">Potencialize seu sucesso empresarial com nossa plataforma de gest\u00e3o SGWeb, e transforme desafios em oportunidades<\/p>\n\n          <div class=\"d-grid gap-3 d-sm-flex justify-content-sm-center justify-content-xl-start\"><a class=\"btn btn-primary btn-lg px-4 me-sm-3\" href=\"https:\/\/api.whatsapp.com\/send\/?phone=5515981729855&text=Oi+tenho+interesse+em+saber+mais+sobre+o+sistema+SGWeb\" target=\"_blank\" rel=\"noopener\"><i class=\"fa fa-whatsapp\"><\/i> Entre em Contato<\/a>\n            <a class=\"btn btn-outline-light btn-lg px-4\" href=\"#features\"><i class=\"fa fa-info-circle\"><\/i> Saiba Mais<\/a><\/div>\n          <\/div>\n        <\/div>\n        <div class=\"col-xl-5 col-xxl-6  d-xl-block text-center\"><img decoding=\"async\" class=\"img-fluid rounded-3 my-5\" src=\"http:\/\/devwebisolutions.com\/site\/wp-content\/uploads\/2024\/02\/hero-img.png\" \/><\/div> <!-- home.jpg -->\n      <\/div>\n    <\/div>\n  <\/header>\n\n  <!-- Features section-->\n\n  <section class=\"py-5\" id=\"features\">\n    <div class=\"container px-5 my-5\">\n      <div class=\"row gx-5\">\n        <div class=\"col-lg-4 mb-5 mb-lg-0\">\n          <h2 class=\"fw-bolder mb-0\">Potencializando a gest\u00e3o da sua empresa ou neg\u00f3cio.<\/h2>\n        <\/div>\n        <div class=\"col-lg-8\">\n          <div class=\"row gx-5 row-cols-1 row-cols-md-2\">\n            \n            <div class=\"col mb-5 h-100\">\n              <div class=\"feature bg-primary bg-gradient text-white rounded-3 mb-3\"><i class=\"bi bi-collection\"><\/i><\/div>\n              <h2 class=\"h5\"><i class=\"fa fa-briefcase\"><\/i> Otimize sua gest\u00e3o financeira<\/h2>\n              <p class=\"mb-0\">controle contas a pagar e a receber de forma eficiente e transparente.<\/p>\n            <\/div>\n            \n            <div class=\"col mb-5 h-100\">\n              <div class=\"feature bg-primary bg-gradient text-white rounded-3 mb-3\"><i class=\"bi bi-building\"><\/i><\/div>\n              <h2 class=\"h5\"><i class=\"fa fa-line-chart\"><\/i> Analise dados cruciais para o crescimento<\/h2>\n              <p class=\"mb-0\">relat\u00f3rios detalhados que impulsionam decis\u00f5es estrat\u00e9gicas e resultados empresariais.<\/p>\n            <\/div>\n            \n            <div class=\"col mb-5 h-100\">\n              <div class=\"feature bg-primary bg-gradient text-white rounded-3 mb-3\"><i class=\"bi bi-toggles2\"><\/i><\/div>\n              <h2 class=\"h5\"><i class=\"fa fa-money\"><\/i> Facilite transa\u00e7\u00f5es comerciais<\/h2>\n              <p class=\"mb-0\">gerencie compras e vendas de forma integrada, simplificando o ciclo de neg\u00f3cios.<\/p>\n            <\/div>\n            \n            <div class=\"col mb-5 h-100\">\n              <div class=\"feature bg-primary bg-gradient text-white rounded-3 mb-3\"><i class=\"bi bi-toggles2\"><\/i><\/div>\n              <h2 class=\"h5\"><i class=\"fa fa-cubes\"><\/i> Otimize a log\u00edstica empresarial<\/h2>\n              <p class=\"mb-0\">mantenha o controle preciso do estoque, garantindo efici\u00eancia e satisfa\u00e7\u00e3o do cliente.<\/p>\n            <\/div>\n\n            <div class=\"col mb-5 mb-md-0 h-100\">\n              <div class=\"feature bg-primary bg-gradient text-white rounded-3 mb-3\"><i class=\"bi bi-toggles2\"><\/i><\/div>\n              <h2 class=\"h5\"><i class=\"fa fa-user\"><\/i> Suporte Premium<\/h2>\n              <p class=\"mb-0\">Garantimos assist\u00eancia dedicada para manter seu neg\u00f3cio sempre operando com m\u00e1xima efici\u00eancia.<\/p>\n            <\/div>\n            \n            \n          \n          <\/div>\n        <\/div>\n      <\/div>\n    <\/div>\n  <\/section>\n\n  <!-- Testimonial section-->\n  <div class=\"py-5 bg-light\">\n    <div class=\"container px-5 my-5\">\n      <div class=\"row gx-5 justify-content-center\">\n        <div class=\"col-lg-10 col-xl-7\">\n          <div class=\"text-center\">\n            <div class=\"fs-4 mb-4 fst-italic\">\"O SGWeb revolucionou minha gest\u00e3o! Controle financeiro e relat\u00f3rios integrados me deram clareza. Resultado? Crescimento constante e gest\u00e3o mais eficiente!\"<\/div>\n            <div class=\"d-flex align-items-center justify-content-center\"><img decoding=\"async\" class=\"rounded-circle me-3\" src=\"http:\/\/devwebisolutions.com\/site\/wp-content\/uploads\/2024\/02\/marcos-arruda.png\" width=\"42\" alt=\"...\" \/>\n              <div class=\"fw-bold\">Marcos Arruda\n                <span class=\"fw-bold text-primary mx-1\">\/<\/span>\n              Empres\u00e1rio<\/div>\n            <\/div>\n          <\/div>\n        <\/div>\n      <\/div>\n    <\/div>\n  <\/div>\n  <!-- Blog preview section-->\n\n  <section class=\"py-5\">\n    <div class=\"container px-5 my-5\">\n      <div class=\"row gx-5 justify-content-center\">\n        <div class=\"col-lg-8 col-xl-6\">\n          <div class=\"text-center\">\n            <h2 id=\"planos\" class=\"fw-bolder\">Escolha o Plano Ideal para sua Empresa<\/h2>\n            <p class=\"lead fw-normal text-muted mb-5\">Navegue pelos nossos planos e descubra a solu\u00e7\u00e3o perfeita para o seu neg\u00f3cio.<\/p>\n          <\/div>\n        <\/div>\n      <\/div>\n\n      <div class=\"container\">\n        <div class=\"row row-cols-1 row-cols-md-3 mb-3 text-center\">\n          <div class=\"col\">\n            <div class=\"card mb-4 rounded-3 shadow-sm\">\n              <div class=\"card-header py-3\">\n                <h4 class=\"my-0 fw-normal\"><i class=\"fa fa-star-o\"><\/i> Basic<\/h4>\n              <\/div>\n              <div class=\"card-body\">\n                <h1 class=\"card-title pricing-card-title\">R$130,00<small class=\"text-muted fw-light\">\/m\u00eas<\/small><\/h1>\n                <ul class=\"list-unstyled mt-3 mb-4 ms-4 text-start\">\n                  <li class\"\"><i class=\"fa fa-play-circle\"><\/i> Atualiza\u00e7\u00f5es<\/li>\n                  <li><i class=\"fa fa-play-circle\"><\/i> Corre\u00e7\u00f5es<\/li>\n                  <li><i class=\"fa fa-play-circle\"><\/i> Suporte Premium<\/li>\n                  <li><i class=\"fa fa-play-circle\"><\/i> M\u00f3dulo de clientes<\/li>\n                  <li><i class=\"fa fa-play-circle\"><\/i> M\u00f3dulo financeiro<\/li>\n                  <li>&nbsp;<\/li>\n                  <li>&nbsp;<\/li>\n                  <li>&nbsp;<\/li>\n                <\/ul>\n                <a href=\"https:\/\/api.whatsapp.com\/send\/?phone=5515981729855&text=Oi+tenho+interesse+em+saber+mais+sobre+o+plano+Basic+do+SGWeb\" class=\"w-100 btn btn-lg btn-outline-primary\" target=\"_blank\" rel=\"noopener\"><i class=\"fa fa-check-circle\"><\/i> Escolher esse plano<\/a>\n              <\/div>\n            <\/div>\n          <\/div>\n          <div class=\"col\">\n            <div class=\"card mb-4 rounded-3 shadow-sm border-primary\">\n              <div class=\"card-header py-3 text-white bg-primary border-primary\">\n                <h4 class=\"my-0 fw-normal\"><i class=\"fa fa-star-half-o\"><\/i> Standard<\/h4>\n              <\/div>\n              <div class=\"card-body\">\n                <h1 class=\"card-title pricing-card-title\">R$180,00<small class=\"text-muted fw-light\">\/m\u00eas<\/small><\/h1>\n                <ul class=\"list-unstyled mt-3 mb-4 ms-4 text-start\">\n                  <li><i class=\"fa fa-play-circle\"><\/i> Atualiza\u00e7\u00f5es<\/li>\n                  <li><i class=\"fa fa-play-circle\"><\/i> Corre\u00e7\u00f5es<\/li>\n                  <li><i class=\"fa fa-play-circle\"><\/i> Suporte Premium<\/li>\n                  <li><i class=\"fa fa-play-circle\"><\/i> M\u00f3dulo de clientes<\/li>\n                  <li><i class=\"fa fa-play-circle\"><\/i> M\u00f3dulo financeiro<\/li>\n                  <li><i class=\"fa fa-play-circle\"><\/i> M\u00f3dulo de vendas<\/li>\n                  <li>&nbsp;<\/li>\n                  <li>&nbsp;<\/li>\n                <\/ul>\n                <a class=\"w-100 btn btn-lg btn-primary\" href=\"https:\/\/api.whatsapp.com\/send\/?phone=5515981729855&text=Oi+tenho+interesse+em+saber+mais+sobre+o+plano+Standard+do+SGWeb\" target=\"_blank\" rel=\"noopener\"><i class=\"fa fa-check-circle\"><\/i> Escolher esse plano<\/a>\n              <\/div>\n            <\/div>\n          <\/div>\n          <div class=\"col\">\n            <div class=\"card mb-4 rounded-3 shadow-sm\">\n              <div class=\"card-header py-3\">\n                <h4 class=\"my-0 fw-normal\"><i class=\"fa fa-star\"><\/i> Plus<\/h4>\n              <\/div>\n              <div class=\"card-body\">\n                <h1 class=\"card-title pricing-card-title\">R$200,00<small class=\"text-muted fw-light\">\/m\u00eas<\/small><\/h1>\n                <ul class=\"list-unstyled mt-3 mb-4  ms-4 text-start\">\n                  <li><i class=\"fa fa-play-circle\"><\/i> Atualiza\u00e7\u00f5es<\/li>\n                  <li><i class=\"fa fa-play-circle\"><\/i> Corre\u00e7\u00f5es<\/li>\n                  <li><i class=\"fa fa-play-circle\"><\/i> Suporte Premium<\/li>\n                  <li><i class=\"fa fa-play-circle\"><\/i> M\u00f3dulo de clientes <\/li>\n                  <li><i class=\"fa fa-play-circle\"><\/i> M\u00f3dulo financeiro<\/li>\n                  <li><i class=\"fa fa-play-circle\"><\/i> M\u00f3dulo de vendas <\/li>\n                  <li><i class=\"fa fa-play-circle\"><\/i> M\u00f3dulo de compras <\/li>\n                  <li><i class=\"fa fa-play-circle\"><\/i> Controle de Estoque<\/li>\n                <\/ul>\n                <a href=\"https:\/\/api.whatsapp.com\/send\/?phone=5515981729855&text=Oi+tenho+interesse+em+saber+mais+sobre+o+plano+Plus+do+SGWeb\" class=\"w-100 btn btn-lg btn-outline-primary\" target=\"_blank\" rel=\"noopener\"><i class=\"fa fa-check-circle\"><\/i> Escolher esse plano<\/a>\n              <\/div>\n            <\/div>\n          <\/div>\n\n        <\/div>\n\n\n","protected":false},"excerpt":{"rendered":"<p>Conquiste efici\u00eancia e lucratividade Potencialize seu sucesso empresarial com nossa plataforma de gest\u00e3o SGWeb, e transforme desafios em oportunidades Entre em Contato Saiba Mais Potencializando a gest\u00e3o da sua empresa ou neg\u00f3cio. Otimize sua gest\u00e3o financeira controle contas a pagar e a receber de forma eficiente e transparente. Analise dados cruciais para o crescimento relat\u00f3rios [&hellip;]<\/p>\n","protected":false},"author":1,"featured_media":0,"parent":0,"menu_order":0,"comment_status":"closed","ping_status":"closed","template":"","meta":{"_joinchat":[],"footnotes":""},"class_list":["post-2","page","type-page","status-publish","hentry"],"_links":{"self":[{"href":"https:\/\/devwebisolutions.com\/site\/wp-json\/wp\/v2\/pages\/2","targetHints":{"allow":["GET"]}}],"collection":[{"href":"https:\/\/devwebisolutions.com\/site\/wp-json\/wp\/v2\/pages"}],"about":[{"href":"https:\/\/devwebisolutions.com\/site\/wp-json\/wp\/v2\/types\/page"}],"author":[{"embeddable":true,"href":"https:\/\/devwebisolutions.com\/site\/wp-json\/wp\/v2\/users\/1"}],"replies":[{"embeddable":true,"href":"https:\/\/devwebisolutions.com\/site\/wp-json\/wp\/v2\/comments?post=2"}],"version-history":[{"count":87,"href":"https:\/\/devwebisolutions.com\/site\/wp-json\/wp\/v2\/pages\/2\/revisions"}],"predecessor-version":[{"id":112,"href":"https:\/\/devwebisolutions.com\/site\/wp-json\/wp\/v2\/pages\/2\/revisions\/112"}],"wp:attachment":[{"href":"https:\/\/devwebisolutions.com\/site\/wp-json\/wp\/v2\/media?parent=2"}],"curies":[{"name":"wp","href":"https:\/\/api.w.org\/{rel}","templated":true}]}}